{"id":300,"date":"2025-12-12T17:43:22","date_gmt":"2025-12-12T17:43:22","guid":{"rendered":"https:\/\/fieldsactivewear.com\/?post_type=product&#038;p=300"},"modified":"2025-12-12T17:50:55","modified_gmt":"2025-12-12T17:50:55","slug":"enterizo","status":"publish","type":"product","link":"https:\/\/fieldsactivewear.com\/index.php\/producto\/enterizo\/","title":{"rendered":"Enterizo"},"content":{"rendered":"<p>Este dise\u00f1o combina comodidad absoluta y una silueta altamente favorecedora, logrando el equilibrio perfecto entre sofisticaci\u00f3n y un toque encantador . Una pieza vers\u00e1til pensada para potenciar tu confianza dentro y fuera del gimnasio.<\/p>\n","protected":false},"excerpt":{"rendered":"<div>Dise\u00f1ado para: The Gym &amp; Beyond<\/div>\n<div>\u2022Bra deportivo integrado para mayor soporte<\/div>\n<div>\u2022Cremallera frontal de cierre seguro<\/div>\n<div>\u2022Espalda estilo racerback<\/div>\n<div>\u2022Detalle de espalda abierta<\/div>\n<div>\u2022Dise\u00f1o posterior en \u201cV\u201d que realza la figura<\/div>\n<div>\u2022Sin costura frontal para un ajuste m\u00e1s limpio<\/div>\n<div>\u2022Copas removibles<\/div>\n<div>\u2022Tejido flexible que se adapta al movimiento<\/div>\n","protected":false},"featured_media":286,"comment_status":"open","ping_status":"closed","template":"","meta":{"site-sidebar-layout":"default","site-content-layout":"","ast-site-content-layout":"default","site-content-style":"default","site-sidebar-style":"default","ast-global-header-display":"","ast-banner-title-visibility":"","ast-main-header-display":"","ast-hfb-above-header-display":"","ast-hfb-below-header-display":"","ast-hfb-mobile-header-display":"","site-post-title":"","ast-breadcrumbs-content":"","ast-featured-img":"","footer-sml-layout":"","ast-disable-related-posts":"","theme-transparent-header-meta":"default","adv-header-id-meta":"","stick-header-meta":"","header-above-stick-meta":"","header-main-stick-meta":"","header-below-stick-meta":"","astra-migrate-meta-layouts":"set","ast-page-background-enabled":"default","ast-page-background-meta":{"desktop":{"background-color":"var(--ast-global-color-5)","background-image":"","background-repeat":"repeat","background-position":"center center","background-size":"auto","background-attachment":"scroll","background-type":"","background-media":"","overlay-type":"","overlay-color":"","overlay-opacity":"","overlay-gradient":""},"tablet":{"background-color":"","background-image":"","background-repeat":"repeat","background-position":"center center","background-size":"auto","background-attachment":"scroll","background-type":"","background-media":"","overlay-type":"","overlay-color":"","overlay-opacity":"","overlay-gradient":""},"mobile":{"background-color":"","background-image":"","background-repeat":"repeat","background-position":"center center","background-size":"auto","background-attachment":"scroll","background-type":"","background-media":"","overlay-type":"","overlay-color":"","overlay-opacity":"","overlay-gradient":""}},"ast-content-background-meta":{"desktop":{"background-color":"var(--ast-global-color-4)","background-image":"","background-repeat":"repeat","background-position":"center center","background-size":"auto","background-attachment":"scroll","background-type":"","background-media":"","overlay-type":"","overlay-color":"","overlay-opacity":"","overlay-gradient":""},"tablet":{"background-color":"var(--ast-global-color-4)","background-image":"","background-repeat":"repeat","background-position":"center center","background-size":"auto","background-attachment":"scroll","background-type":"","background-media":"","overlay-type":"","overlay-color":"","overlay-opacity":"","overlay-gradient":""},"mobile":{"background-color":"var(--ast-global-color-4)","background-image":"","background-repeat":"repeat","background-position":"center center","background-size":"auto","background-attachment":"scroll","background-type":"","background-media":"","overlay-type":"","overlay-color":"","overlay-opacity":"","overlay-gradient":""}},"_joinchat":[]},"product_brand":[],"product_cat":[28,30,29],"product_tag":[],"class_list":{"0":"post-300","1":"product","2":"type-product","3":"status-publish","4":"has-post-thumbnail","6":"product_cat-entrenos-fuertes-pesas","7":"product_cat-salir-con-estilo","8":"product_cat-yoga-pilates-flexibilidad","9":"desktop-align-left","10":"tablet-align-left","11":"mobile-align-left","13":"first","14":"instock","15":"shipping-taxable","16":"purchasable","17":"product-type-variable"},"_links":{"self":[{"href":"https:\/\/fieldsactivewear.com\/index.php\/wp-json\/wp\/v2\/product\/300","targetHints":{"allow":["GET"]}}],"collection":[{"href":"https:\/\/fieldsactivewear.com\/index.php\/wp-json\/wp\/v2\/product"}],"about":[{"href":"https:\/\/fieldsactivewear.com\/index.php\/wp-json\/wp\/v2\/types\/product"}],"replies":[{"embeddable":true,"href":"https:\/\/fieldsactivewear.com\/index.php\/wp-json\/wp\/v2\/comments?post=300"}],"wp:featuredmedia":[{"embeddable":true,"href":"https:\/\/fieldsactivewear.com\/index.php\/wp-json\/wp\/v2\/media\/286"}],"wp:attachment":[{"href":"https:\/\/fieldsactivewear.com\/index.php\/wp-json\/wp\/v2\/media?parent=300"}],"wp:term":[{"taxonomy":"product_brand","embeddable":true,"href":"https:\/\/fieldsactivewear.com\/index.php\/wp-json\/wp\/v2\/product_brand?post=300"},{"taxonomy":"product_cat","embeddable":true,"href":"https:\/\/fieldsactivewear.com\/index.php\/wp-json\/wp\/v2\/product_cat?post=300"},{"taxonomy":"product_tag","embeddable":true,"href":"https:\/\/fieldsactivewear.com\/index.php\/wp-json\/wp\/v2\/product_tag?post=300"}],"curies":[{"name":"wp","href":"https:\/\/api.w.org\/{rel}","templated":true}]}}